{"id":46,"date":"2023-09-18T15:04:46","date_gmt":"2023-09-18T15:04:46","guid":{"rendered":"https:\/\/fundacolor.org\/?page_id=46"},"modified":"2024-08-24T17:59:26","modified_gmt":"2024-08-24T17:59:26","slug":"nuestro-impacto","status":"publish","type":"page","link":"https:\/\/fundacolor.org\/?page_id=46","title":{"rendered":"Nuestro impacto"},"content":{"rendered":"\t\t<div data-elementor-type=\"wp-page\" data-elementor-id=\"46\" class=\"elementor elementor-46\">\n\t\t\t\t\t\t\t<div class=\"elementor-element elementor-element-967f13a e-flex e-con-boxed e-con e-parent\" data-id=\"967f13a\" data-element_type=\"container\" data-settings=\"{&quot;content_width&quot;:&quot;boxed&quot;}\" data-core-v316-plus=\"true\">\n\t\t\t\t\t<div class=\"e-con-inner\">\n\t\t\t\t\t<\/div>\n\t\t\t\t<\/div>\n\t\t<div class=\"elementor-element elementor-element-290208e e-flex e-con-boxed e-con e-parent\" data-id=\"290208e\" data-element_type=\"container\" data-settings=\"{&quot;content_width&quot;:&quot;boxed&quot;}\" data-core-v316-plus=\"true\">\n\t\t\t\t\t<div class=\"e-con-inner\">\n\t\t\t\t<div class=\"elementor-element elementor-element-5fa5847 elementor-widget elementor-widget-text-editor\" data-id=\"5fa5847\" data-element_type=\"widget\" data-widget_type=\"text-editor.default\">\n\t\t\t\t<div class=\"elementor-widget-container\">\n\t\t\t<style>\/*! elementor - v3.16.0 - 14-09-2023 *\/\n.elementor-widget-text-editor.elementor-drop-cap-view-stacked .elementor-drop-cap{background-color:#69727d;color:#fff}.elementor-widget-text-editor.elementor-drop-cap-view-framed .elementor-drop-cap{color:#69727d;border:3px solid;background-color:transparent}.elementor-widget-text-editor:not(.elementor-drop-cap-view-default) .elementor-drop-cap{margin-top:8px}.elementor-widget-text-editor:not(.elementor-drop-cap-view-default) .elementor-drop-cap-letter{width:1em;height:1em}.elementor-widget-text-editor .elementor-drop-cap{float:left;text-align:center;line-height:1;font-size:50px}.elementor-widget-text-editor .elementor-drop-cap-letter{display:inline-block}<\/style>\t\t\t\t<p>L\u00edneas de acci\u00f3n La Fundaci\u00f3n Social y Cultural Colores, cuenta con 5 l\u00edneas de acci\u00f3n:\u00a0<\/p><p>1: Prevenci\u00f3n: Esta l\u00ednea se enfoca en promover y desarrollar programas y actividades que aborden temas relacionados con la salud mental, el bienestar emocional y la prevenci\u00f3n de problem\u00e1ticas psicosociales en la comunidad, con el objetivo de mejorar la calidad de vida y fortalecer el tejido social. Las actividades de esta l\u00ednea son las siguientes: \uf076 Prevenci\u00f3n de Violencias y del riesgo social \uf076 Fortalecimiento de la convivencia \uf076 Di\u00e1logos de Juventud \uf076 Fortalecimiento parental \uf076 Salud mental<\/p><p>\u00a02: Fomentando Resiliencia: A trav\u00e9s de esta l\u00ednea desarrollamos programas de capacitaci\u00f3n, formaci\u00f3n y apoyo emocional para fortalecer las habilidades de afrontamiento y adaptaci\u00f3n frente a situaciones adversas, realizando formaci\u00f3n art\u00edstica y deportiva en entornos comunitarios, donde encontramos grupos de formaci\u00f3n en pintura y bisuter\u00eda y grupos de formaci\u00f3n en f\u00f9tbol, voleibol y baloncesto. \uf076 Formaci\u00f3n art\u00edstica \uf076 Formaci\u00f3n Deportiva\u00a0<\/p><p>3: Empoderamiento comunitario: Esta l\u00ednea ofrece y gestiona programas de educaci\u00f3n, capacitaci\u00f3n para el trabajo y gesti\u00f3n de financiamiento para incentivar el desarrollo de habilidades empresariales y la creaci\u00f3n de iniciativas econ\u00f3micas sostenibles en las comunidades afrodescendientes, raizales y palenqueras. \uf076 Bachillerato \uf076 Formaci\u00f3n para el trabajo \uf076 Apoyo a los emprendimientos acompa\u00f1ados<\/p><p>\u00a04: Aventura ambiental: A trav\u00e9s de esta l\u00ednea, organizamos expediciones educativas de conocimiento de plantas medicinales ancestrales y desarrollamos actividades al aire libre y desde los hogares para fomentar la conservaci\u00f3n del medio ambiente y la conciencia ecol\u00f3gica en la sociedad.\u00a0<\/p><p>5: Apadrinamiento con amor: Esta l\u00ednea se enfoca en un programa de gesti\u00f3n de apadrinamiento a trav\u00e9s del cual se brinden educaci\u00f3n, atenci\u00f3n m\u00e9dica, apoyo emocional, vestuario o formas de apoyo al sostenimiento de ni\u00f1os afrodescendientes, raizales y palenqueros en situaci\u00f3n de vulnerabilidad, para asegurar su bienestar y desarrollo integral.<\/p>\t\t\t\t\t\t<\/div>\n\t\t\t\t<\/div>\n\t\t\t\t\t<\/div>\n\t\t\t\t<\/div>\n\t\t\t\t\t\t\t<\/div>\n\t\t","protected":false},"excerpt":{"rendered":"<p>L\u00edneas de acci\u00f3n La Fundaci\u00f3n Social y Cultural Colores, cuenta con 5 l\u00edneas de acci\u00f3n:\u00a0 1: Prevenci\u00f3n: Esta l\u00ednea se enfoca en promover y desarrollar programas y actividades que aborden temas relacionados con la salud mental, el bienestar emocional y la prevenci\u00f3n de problem\u00e1ticas psicosociales en la comunidad, con el objetivo de mejorar la calidad&#8230;<\/p>\n","protected":false},"author":1,"featured_media":0,"parent":0,"menu_order":0,"comment_status":"closed","ping_status":"closed","template":"elementor_header_footer","meta":{"_kad_post_transparent":"","_kad_post_title":"hide","_kad_post_layout":"fullwidth","_kad_post_sidebar_id":"","_kad_post_content_style":"unboxed","_kad_post_vertical_padding":"hide","_kad_post_feature":"hide","_kad_post_feature_position":"","_kad_post_header":false,"_kad_post_footer":false,"_joinchat":[],"footnotes":""},"class_list":["post-46","page","type-page","status-publish","hentry"],"_links":{"self":[{"href":"https:\/\/fundacolor.org\/index.php?rest_route=\/wp\/v2\/pages\/46","targetHints":{"allow":["GET"]}}],"collection":[{"href":"https:\/\/fundacolor.org\/index.php?rest_route=\/wp\/v2\/pages"}],"about":[{"href":"https:\/\/fundacolor.org\/index.php?rest_route=\/wp\/v2\/types\/page"}],"author":[{"embeddable":true,"href":"https:\/\/fundacolor.org\/index.php?rest_route=\/wp\/v2\/users\/1"}],"replies":[{"embeddable":true,"href":"https:\/\/fundacolor.org\/index.php?rest_route=%2Fwp%2Fv2%2Fcomments&post=46"}],"version-history":[{"count":22,"href":"https:\/\/fundacolor.org\/index.php?rest_route=\/wp\/v2\/pages\/46\/revisions"}],"predecessor-version":[{"id":207,"href":"https:\/\/fundacolor.org\/index.php?rest_route=\/wp\/v2\/pages\/46\/revisions\/207"}],"wp:attachment":[{"href":"https:\/\/fundacolor.org\/index.php?rest_route=%2Fwp%2Fv2%2Fmedia&parent=46"}],"curies":[{"name":"wp","href":"https:\/\/api.w.org\/{rel}","templated":true}]}}