{"id":30,"date":"2023-09-18T15:00:22","date_gmt":"2023-09-18T15:00:22","guid":{"rendered":"https:\/\/fundacolor.org\/?page_id=30"},"modified":"2023-09-18T15:01:14","modified_gmt":"2023-09-18T15:01:14","slug":"nuestro-proposito","status":"publish","type":"page","link":"https:\/\/fundacolor.org\/?page_id=30","title":{"rendered":"Nuestro prop\u00f3sito\u00a0"},"content":{"rendered":"\t\t<div data-elementor-type=\"wp-page\" data-elementor-id=\"30\" class=\"elementor elementor-30\">\n\t\t\t\t\t\t\t<div class=\"elementor-element elementor-element-5442daf e-flex e-con-boxed e-con e-parent\" data-id=\"5442daf\" data-element_type=\"container\" data-settings=\"{&quot;content_width&quot;:&quot;boxed&quot;}\" data-core-v316-plus=\"true\">\n\t\t\t\t\t<div class=\"e-con-inner\">\n\t\t\t\t<div class=\"elementor-element elementor-element-9fd6d35 elementor-widget elementor-widget-text-editor\" data-id=\"9fd6d35\" data-element_type=\"widget\" data-widget_type=\"text-editor.default\">\n\t\t\t\t<div class=\"elementor-widget-container\">\n\t\t\t<style>\/*! elementor - v3.16.0 - 14-09-2023 *\/\n.elementor-widget-text-editor.elementor-drop-cap-view-stacked .elementor-drop-cap{background-color:#69727d;color:#fff}.elementor-widget-text-editor.elementor-drop-cap-view-framed .elementor-drop-cap{color:#69727d;border:3px solid;background-color:transparent}.elementor-widget-text-editor:not(.elementor-drop-cap-view-default) .elementor-drop-cap{margin-top:8px}.elementor-widget-text-editor:not(.elementor-drop-cap-view-default) .elementor-drop-cap-letter{width:1em;height:1em}.elementor-widget-text-editor .elementor-drop-cap{float:left;text-align:center;line-height:1;font-size:50px}.elementor-widget-text-editor .elementor-drop-cap-letter{display:inline-block}<\/style>\t\t\t\t<p>La fundaci\u00f3n tendr\u00e1 por objeto el desarrollo social y fortalecimiento familiar de poblaciones vulnerables y minor\u00edas \u00e9tnicas, mediante la gesti\u00f3n y ejecuci\u00f3n de proyectos, acciones y programas que posibiliten el desarrollo del ser en el \u00e1mbito personal, social, econ\u00f3mico, art\u00edstico, cient\u00edfico cultural, ambiental y deportivo posibilitando la transformaci\u00f3n en los campos humanitarios, educativos, productivos y de construcci\u00f3n de conciencia en la formaci\u00f3n de imaginarios identitarios del tejido social, para el bienestar social y la construcci\u00f3n de una cultura de paz en los territorios afrodescendientes, raizales, palenqueras, y vulnerables a nivel nacional e internacional.&nbsp;<\/p><p>La Fundaci\u00f3n Social y Cultural Colores, trabajar\u00e1 para favorecer la garant\u00eda, protecci\u00f3n y restablecimiento de los derechos, fortalecimiento del capital social, cultural, deportivo y ambiental de las poblaciones afrodescendientes, raizales, palenqueras, y vulnerables, ni\u00f1os, ni\u00f1as, adolescentes, j\u00f3venes, personas en situaci\u00f3n de discapacidad, mujeres, adultos mayores, poblaci\u00f3n en condici\u00f3n de desplazamiento y\/o grupos vulnerables en el territorio nacional e internacional. La Fundaci\u00f3n Social y Cultural Colores, podr\u00e1 realizar toda actividad de tipo psicosocial e interdisciplinar que apoyen el desarrollo equilibrado de ni\u00f1os, ni\u00f1as, adolescentes, j\u00f3venes adultos y familias, como tambi\u00e9n el buen funcionamiento de proyectos, programas y planes sociales y de salud, cultura, deporte y medio ambiente que le apuestan al desarrollo al bienestar de las comunidades afrodescendientes, raizales, palenqueras y vulnerables en el territorio nacional e internacional<\/p>\t\t\t\t\t\t<\/div>\n\t\t\t\t<\/div>\n\t\t\t\t\t<\/div>\n\t\t\t\t<\/div>\n\t\t\t\t\t\t\t<\/div>\n\t\t","protected":false},"excerpt":{"rendered":"<p>La fundaci\u00f3n tendr\u00e1 por objeto el desarrollo social y fortalecimiento familiar de poblaciones vulnerables y minor\u00edas \u00e9tnicas, mediante la gesti\u00f3n y ejecuci\u00f3n de proyectos, acciones y programas que posibiliten el desarrollo del ser en el \u00e1mbito personal, social, econ\u00f3mico, art\u00edstico, cient\u00edfico cultural, ambiental y deportivo posibilitando la transformaci\u00f3n en los campos humanitarios, educativos, productivos y&#8230;<\/p>\n","protected":false},"author":1,"featured_media":0,"parent":0,"menu_order":0,"comment_status":"closed","ping_status":"closed","template":"","meta":{"_kad_post_transparent":"","_kad_post_title":"hide","_kad_post_layout":"fullwidth","_kad_post_sidebar_id":"","_kad_post_content_style":"unboxed","_kad_post_vertical_padding":"hide","_kad_post_feature":"hide","_kad_post_feature_position":"","_kad_post_header":false,"_kad_post_footer":false,"_joinchat":[],"footnotes":""},"class_list":["post-30","page","type-page","status-publish","hentry"],"_links":{"self":[{"href":"https:\/\/fundacolor.org\/index.php?rest_route=\/wp\/v2\/pages\/30","targetHints":{"allow":["GET"]}}],"collection":[{"href":"https:\/\/fundacolor.org\/index.php?rest_route=\/wp\/v2\/pages"}],"about":[{"href":"https:\/\/fundacolor.org\/index.php?rest_route=\/wp\/v2\/types\/page"}],"author":[{"embeddable":true,"href":"https:\/\/fundacolor.org\/index.php?rest_route=\/wp\/v2\/users\/1"}],"replies":[{"embeddable":true,"href":"https:\/\/fundacolor.org\/index.php?rest_route=%2Fwp%2Fv2%2Fcomments&post=30"}],"version-history":[{"count":4,"href":"https:\/\/fundacolor.org\/index.php?rest_route=\/wp\/v2\/pages\/30\/revisions"}],"predecessor-version":[{"id":34,"href":"https:\/\/fundacolor.org\/index.php?rest_route=\/wp\/v2\/pages\/30\/revisions\/34"}],"wp:attachment":[{"href":"https:\/\/fundacolor.org\/index.php?rest_route=%2Fwp%2Fv2%2Fmedia&parent=30"}],"curies":[{"name":"wp","href":"https:\/\/api.w.org\/{rel}","templated":true}]}}